{"id":88,"date":"2024-01-13T19:48:46","date_gmt":"2024-01-13T18:48:46","guid":{"rendered":"http:\/\/techpryz.cz\/?page_id=88"},"modified":"2024-01-28T21:46:46","modified_gmt":"2024-01-28T20:46:46","slug":"pogumovani","status":"publish","type":"page","link":"https:\/\/techpryz.cz\/index.php\/pogumovani\/","title":{"rendered":"Pogumov\u00e1n\u00ed"},"content":{"rendered":"\t\t<div data-elementor-type=\"wp-page\" data-elementor-id=\"88\" class=\"elementor elementor-88\">\n\t\t\t\t<div class=\"elementor-element elementor-element-6d82bc84 e-flex e-con-boxed e-con e-parent\" data-id=\"6d82bc84\" data-element_type=\"container\" data-e-type=\"container\">\n\t\t\t\t\t<div class=\"e-con-inner\">\n\t\t\t\t<div class=\"elementor-element elementor-element-6d82a4e5 elementor-widget elementor-widget-text-editor\" data-id=\"6d82a4e5\" data-element_type=\"widget\" data-e-type=\"widget\" data-widget_type=\"text-editor.default\">\n\t\t\t\t<div class=\"elementor-widget-container\">\n\t\t\t\t\t\t\t\t\t\n<p>Co pogumov\u00e1v\u00e1me:<\/p>\n\n\n\n<ul class=\"wp-block-list\">\n<li>v\u00e1le\u010dky na \u010desa\u010dky od 1100 mm do 2000 mm <\/li>\n\n\n\n<li>kola na strh\u00e1va\u010de pr. 540 <\/li>\n\n\n\n<li>rolny na p\u00e1sov\u00fd traktor Case pr. 340 mm d\u00e9lka 250 mm  <\/li>\n\n\n\n<li>membr\u00e1ny od 50 mm do 550 mm <\/li>\n\n\n\n<li>silentbloky od 20 mm do po\u017eadavku z\u00e1kazn\u00edka<\/li>\n<\/ul>\n\n\n\n<p><\/p>\n\n\n\n<p>Pokud je pot\u0159eba kovy p\u0159ed pogumov\u00e1n\u00edm upravit, jsme schopni je osoustru\u017eit a op\u00edskovat.<\/p>\n\t\t\t\t\t\t\t\t<\/div>\n\t\t\t\t<\/div>\n\t\t\t\t\t<\/div>\n\t\t\t\t<\/div>\n\t\t<div class=\"elementor-element elementor-element-d5d593b e-flex e-con-boxed e-con e-parent\" data-id=\"d5d593b\" data-element_type=\"container\" data-e-type=\"container\">\n\t\t\t\t\t<div class=\"e-con-inner\">\n\t\t\t\t<div class=\"elementor-element elementor-element-a85b75a elementor-widget elementor-widget-image-gallery\" data-id=\"a85b75a\" data-element_type=\"widget\" data-e-type=\"widget\" data-widget_type=\"image-gallery.default\">\n\t\t\t\t<div class=\"elementor-widget-container\">\n\t\t\t\t\t\t\t<div class=\"elementor-image-gallery\">\n\t\t\t<div id='gallery-1' class='gallery galleryid-88 gallery-columns-5 gallery-size-thumbnail'><figure class='gallery-item'>\n\t\t\t<div class='gallery-icon landscape'>\n\t\t\t\t<a data-elementor-open-lightbox=\"yes\" data-elementor-lightbox-slideshow=\"a85b75a\" data-elementor-lightbox-title=\"Pogumov\u00e1n\u00ed_1\" data-e-action-hash=\"#elementor-action%3Aaction%3Dlightbox%26settings%3DeyJpZCI6MjMzLCJ1cmwiOiJodHRwczpcL1wvdGVjaHByeXouY3pcL3dwLWNvbnRlbnRcL3VwbG9hZHNcLzIwMjRcLzAxXC9Qb2d1bW92YW5pXzEtMS5wbmciLCJzbGlkZXNob3ciOiJhODViNzVhIn0%3D\" href='https:\/\/techpryz.cz\/wp-content\/uploads\/2024\/01\/Pogumovani_1-1.png'><img decoding=\"async\" width=\"150\" height=\"150\" src=\"https:\/\/techpryz.cz\/wp-content\/uploads\/2024\/01\/Pogumovani_1-1-150x150.png\" class=\"attachment-thumbnail size-thumbnail\" alt=\"\" srcset=\"https:\/\/techpryz.cz\/wp-content\/uploads\/2024\/01\/Pogumovani_1-1-150x150.png 150w, https:\/\/techpryz.cz\/wp-content\/uploads\/2024\/01\/Pogumovani_1-1-300x300.png 300w, https:\/\/techpryz.cz\/wp-content\/uploads\/2024\/01\/Pogumovani_1-1.png 500w\" sizes=\"(max-width: 150px) 100vw, 150px\" \/><\/a>\n\t\t\t<\/div><\/figure><figure class='gallery-item'>\n\t\t\t<div class='gallery-icon landscape'>\n\t\t\t\t<a data-elementor-open-lightbox=\"yes\" data-elementor-lightbox-slideshow=\"a85b75a\" data-elementor-lightbox-title=\"Pogumov\u00e1n\u00ed_2\" data-e-action-hash=\"#elementor-action%3Aaction%3Dlightbox%26settings%3DeyJpZCI6MjM0LCJ1cmwiOiJodHRwczpcL1wvdGVjaHByeXouY3pcL3dwLWNvbnRlbnRcL3VwbG9hZHNcLzIwMjRcLzAxXC9Qb2d1bW92YW5pXzItMS5wbmciLCJzbGlkZXNob3ciOiJhODViNzVhIn0%3D\" href='https:\/\/techpryz.cz\/wp-content\/uploads\/2024\/01\/Pogumovani_2-1.png'><img decoding=\"async\" width=\"150\" height=\"150\" src=\"https:\/\/techpryz.cz\/wp-content\/uploads\/2024\/01\/Pogumovani_2-1-150x150.png\" class=\"attachment-thumbnail size-thumbnail\" alt=\"\" srcset=\"https:\/\/techpryz.cz\/wp-content\/uploads\/2024\/01\/Pogumovani_2-1-150x150.png 150w, https:\/\/techpryz.cz\/wp-content\/uploads\/2024\/01\/Pogumovani_2-1-300x300.png 300w, https:\/\/techpryz.cz\/wp-content\/uploads\/2024\/01\/Pogumovani_2-1.png 500w\" sizes=\"(max-width: 150px) 100vw, 150px\" \/><\/a>\n\t\t\t<\/div><\/figure><figure class='gallery-item'>\n\t\t\t<div class='gallery-icon landscape'>\n\t\t\t\t<a data-elementor-open-lightbox=\"yes\" data-elementor-lightbox-slideshow=\"a85b75a\" data-elementor-lightbox-title=\"Pogumov\u00e1n\u00ed_3\" data-e-action-hash=\"#elementor-action%3Aaction%3Dlightbox%26settings%3DeyJpZCI6MjM1LCJ1cmwiOiJodHRwczpcL1wvdGVjaHByeXouY3pcL3dwLWNvbnRlbnRcL3VwbG9hZHNcLzIwMjRcLzAxXC9Qb2d1bW92YW5pXzMtMS5wbmciLCJzbGlkZXNob3ciOiJhODViNzVhIn0%3D\" href='https:\/\/techpryz.cz\/wp-content\/uploads\/2024\/01\/Pogumovani_3-1.png'><img decoding=\"async\" width=\"150\" height=\"150\" src=\"https:\/\/techpryz.cz\/wp-content\/uploads\/2024\/01\/Pogumovani_3-1-150x150.png\" class=\"attachment-thumbnail size-thumbnail\" alt=\"\" srcset=\"https:\/\/techpryz.cz\/wp-content\/uploads\/2024\/01\/Pogumovani_3-1-150x150.png 150w, https:\/\/techpryz.cz\/wp-content\/uploads\/2024\/01\/Pogumovani_3-1-300x300.png 300w, https:\/\/techpryz.cz\/wp-content\/uploads\/2024\/01\/Pogumovani_3-1.png 500w\" sizes=\"(max-width: 150px) 100vw, 150px\" \/><\/a>\n\t\t\t<\/div><\/figure><figure class='gallery-item'>\n\t\t\t<div class='gallery-icon landscape'>\n\t\t\t\t<a data-elementor-open-lightbox=\"yes\" data-elementor-lightbox-slideshow=\"a85b75a\" data-elementor-lightbox-title=\"Pogumov\u00e1n\u00ed_4\" data-e-action-hash=\"#elementor-action%3Aaction%3Dlightbox%26settings%3DeyJpZCI6MjM2LCJ1cmwiOiJodHRwczpcL1wvdGVjaHByeXouY3pcL3dwLWNvbnRlbnRcL3VwbG9hZHNcLzIwMjRcLzAxXC9Qb2d1bW92YW5pXzQtMS5wbmciLCJzbGlkZXNob3ciOiJhODViNzVhIn0%3D\" href='https:\/\/techpryz.cz\/wp-content\/uploads\/2024\/01\/Pogumovani_4-1.png'><img loading=\"lazy\" decoding=\"async\" width=\"150\" height=\"150\" src=\"https:\/\/techpryz.cz\/wp-content\/uploads\/2024\/01\/Pogumovani_4-1-150x150.png\" class=\"attachment-thumbnail size-thumbnail\" alt=\"\" srcset=\"https:\/\/techpryz.cz\/wp-content\/uploads\/2024\/01\/Pogumovani_4-1-150x150.png 150w, https:\/\/techpryz.cz\/wp-content\/uploads\/2024\/01\/Pogumovani_4-1-300x300.png 300w, https:\/\/techpryz.cz\/wp-content\/uploads\/2024\/01\/Pogumovani_4-1.png 500w\" sizes=\"(max-width: 150px) 100vw, 150px\" \/><\/a>\n\t\t\t<\/div><\/figure><figure class='gallery-item'>\n\t\t\t<div class='gallery-icon landscape'>\n\t\t\t\t<a data-elementor-open-lightbox=\"yes\" data-elementor-lightbox-slideshow=\"a85b75a\" data-elementor-lightbox-title=\"Pogumov\u00e1n\u00ed_5\" data-e-action-hash=\"#elementor-action%3Aaction%3Dlightbox%26settings%3DeyJpZCI6MjM3LCJ1cmwiOiJodHRwczpcL1wvdGVjaHByeXouY3pcL3dwLWNvbnRlbnRcL3VwbG9hZHNcLzIwMjRcLzAxXC9Qb2d1bW92YW5pXzUtMS5wbmciLCJzbGlkZXNob3ciOiJhODViNzVhIn0%3D\" href='https:\/\/techpryz.cz\/wp-content\/uploads\/2024\/01\/Pogumovani_5-1.png'><img loading=\"lazy\" decoding=\"async\" width=\"150\" height=\"150\" src=\"https:\/\/techpryz.cz\/wp-content\/uploads\/2024\/01\/Pogumovani_5-1-150x150.png\" class=\"attachment-thumbnail size-thumbnail\" alt=\"\" srcset=\"https:\/\/techpryz.cz\/wp-content\/uploads\/2024\/01\/Pogumovani_5-1-150x150.png 150w, https:\/\/techpryz.cz\/wp-content\/uploads\/2024\/01\/Pogumovani_5-1-300x300.png 300w, https:\/\/techpryz.cz\/wp-content\/uploads\/2024\/01\/Pogumovani_5-1.png 500w\" sizes=\"(max-width: 150px) 100vw, 150px\" \/><\/a>\n\t\t\t<\/div><\/figure>\n\t\t<\/div>\n\t\t<\/div>\n\t\t\t\t\t\t<\/div>\n\t\t\t\t<\/div>\n\t\t\t\t\t<\/div>\n\t\t\t\t<\/div>\n\t\t\t\t<\/div>\n\t\t","protected":false},"excerpt":{"rendered":"<p>Co pogumov\u00e1v\u00e1me: Pokud je pot\u0159eba kovy p\u0159ed pogumov\u00e1n\u00edm upravit, jsme schopni je osoustru\u017eit a op\u00edskovat.<\/p>\n","protected":false},"author":1,"featured_media":296,"parent":0,"menu_order":0,"comment_status":"closed","ping_status":"closed","template":"","meta":{"footnotes":""},"class_list":["post-88","page","type-page","status-publish","has-post-thumbnail","hentry"],"yoast_head":"<!-- This site is optimized with the Yoast SEO plugin v27.1.1 - https:\/\/yoast.com\/product\/yoast-seo-wordpress\/ -->\n<title>Pogumov\u00e1n\u00ed - Technick\u00e1 pry\u017e Nesvadba<\/title>\n<meta name=\"description\" content=\"Mimo zak\u00e1zkovou v\u00fdrobu se zab\u00fdv\u00e1me i pogumov\u00e1n\u00edm kov\u016f. Ty jsme p\u0159ed pogumov\u00e1n\u00edm schopni osoustru\u017eit a op\u00edskovat.\" \/>\n<meta name=\"robots\" content=\"index, follow, max-snippet:-1, max-image-preview:large, max-video-preview:-1\" \/>\n<link rel=\"canonical\" href=\"https:\/\/techpryz.cz\/index.php\/pogumovani\/\" \/>\n<meta property=\"og:locale\" content=\"cs_CZ\" \/>\n<meta property=\"og:type\" content=\"article\" \/>\n<meta property=\"og:title\" content=\"Pogumov\u00e1n\u00ed - Technick\u00e1 pry\u017e Nesvadba\" \/>\n<meta property=\"og:description\" content=\"Mimo zak\u00e1zkovou v\u00fdrobu se zab\u00fdv\u00e1me i pogumov\u00e1n\u00edm kov\u016f. Ty jsme p\u0159ed pogumov\u00e1n\u00edm schopni osoustru\u017eit a op\u00edskovat.\" \/>\n<meta property=\"og:url\" content=\"https:\/\/techpryz.cz\/index.php\/pogumovani\/\" \/>\n<meta property=\"og:site_name\" content=\"Technick\u00e1 pry\u017e Nesvadba\" \/>\n<meta property=\"article:modified_time\" content=\"2024-01-28T20:46:46+00:00\" \/>\n<meta property=\"og:image\" content=\"https:\/\/techpryz.cz\/wp-content\/uploads\/2024\/01\/13.png\" \/>\n\t<meta property=\"og:image:width\" content=\"700\" \/>\n\t<meta property=\"og:image:height\" content=\"400\" \/>\n\t<meta property=\"og:image:type\" content=\"image\/png\" \/>\n<meta name=\"twitter:card\" content=\"summary_large_image\" \/>\n<meta name=\"twitter:label1\" content=\"Odhadovan\u00e1 doba \u010dten\u00ed\" \/>\n\t<meta name=\"twitter:data1\" content=\"2 minuty\" \/>\n<script type=\"application\/ld+json\" class=\"yoast-schema-graph\">{\"@context\":\"https:\/\/schema.org\",\"@graph\":[{\"@type\":\"WebPage\",\"@id\":\"https:\/\/techpryz.cz\/index.php\/pogumovani\/\",\"url\":\"https:\/\/techpryz.cz\/index.php\/pogumovani\/\",\"name\":\"Pogumov\u00e1n\u00ed - Technick\u00e1 pry\u017e Nesvadba\",\"isPartOf\":{\"@id\":\"https:\/\/techpryz.cz\/#website\"},\"primaryImageOfPage\":{\"@id\":\"https:\/\/techpryz.cz\/index.php\/pogumovani\/#primaryimage\"},\"image\":{\"@id\":\"https:\/\/techpryz.cz\/index.php\/pogumovani\/#primaryimage\"},\"thumbnailUrl\":\"https:\/\/techpryz.cz\/wp-content\/uploads\/2024\/01\/13.png\",\"datePublished\":\"2024-01-13T18:48:46+00:00\",\"dateModified\":\"2024-01-28T20:46:46+00:00\",\"description\":\"Mimo zak\u00e1zkovou v\u00fdrobu se zab\u00fdv\u00e1me i pogumov\u00e1n\u00edm kov\u016f. Ty jsme p\u0159ed pogumov\u00e1n\u00edm schopni osoustru\u017eit a op\u00edskovat.\",\"breadcrumb\":{\"@id\":\"https:\/\/techpryz.cz\/index.php\/pogumovani\/#breadcrumb\"},\"inLanguage\":\"cs\",\"potentialAction\":[{\"@type\":\"ReadAction\",\"target\":[\"https:\/\/techpryz.cz\/index.php\/pogumovani\/\"]}]},{\"@type\":\"ImageObject\",\"inLanguage\":\"cs\",\"@id\":\"https:\/\/techpryz.cz\/index.php\/pogumovani\/#primaryimage\",\"url\":\"https:\/\/techpryz.cz\/wp-content\/uploads\/2024\/01\/13.png\",\"contentUrl\":\"https:\/\/techpryz.cz\/wp-content\/uploads\/2024\/01\/13.png\",\"width\":700,\"height\":400},{\"@type\":\"BreadcrumbList\",\"@id\":\"https:\/\/techpryz.cz\/index.php\/pogumovani\/#breadcrumb\",\"itemListElement\":[{\"@type\":\"ListItem\",\"position\":1,\"name\":\"Dom\u016f\",\"item\":\"https:\/\/techpryz.cz\/\"},{\"@type\":\"ListItem\",\"position\":2,\"name\":\"Pogumov\u00e1n\u00ed\"}]},{\"@type\":\"WebSite\",\"@id\":\"https:\/\/techpryz.cz\/#website\",\"url\":\"https:\/\/techpryz.cz\/\",\"name\":\"Technick\u00e1 pry\u017e Nesvadba\",\"description\":\"Zak\u00e1zkov\u00e1 v\u00fdroba produkt\u016f z technick\u00e9 pry\u017ee\",\"publisher\":{\"@id\":\"https:\/\/techpryz.cz\/#organization\"},\"potentialAction\":[{\"@type\":\"SearchAction\",\"target\":{\"@type\":\"EntryPoint\",\"urlTemplate\":\"https:\/\/techpryz.cz\/?s={search_term_string}\"},\"query-input\":{\"@type\":\"PropertyValueSpecification\",\"valueRequired\":true,\"valueName\":\"search_term_string\"}}],\"inLanguage\":\"cs\"},{\"@type\":\"Organization\",\"@id\":\"https:\/\/techpryz.cz\/#organization\",\"name\":\"Technick\u00e1 pry\u017e Nesvadba\",\"alternateName\":\"Technick\u00e1 pry\u017e Nesvadba\",\"url\":\"https:\/\/techpryz.cz\/\",\"logo\":{\"@type\":\"ImageObject\",\"inLanguage\":\"cs\",\"@id\":\"https:\/\/techpryz.cz\/#\/schema\/logo\/image\/\",\"url\":\"https:\/\/techpryz.cz\/wp-content\/uploads\/2024\/01\/TechPryz_logo-na-sirku-500-x-300-px.png\",\"contentUrl\":\"https:\/\/techpryz.cz\/wp-content\/uploads\/2024\/01\/TechPryz_logo-na-sirku-500-x-300-px.png\",\"width\":500,\"height\":300,\"caption\":\"Technick\u00e1 pry\u017e Nesvadba\"},\"image\":{\"@id\":\"https:\/\/techpryz.cz\/#\/schema\/logo\/image\/\"}}]}<\/script>\n<!-- \/ Yoast SEO plugin. -->","yoast_head_json":{"title":"Pogumov\u00e1n\u00ed - Technick\u00e1 pry\u017e Nesvadba","description":"Mimo zak\u00e1zkovou v\u00fdrobu se zab\u00fdv\u00e1me i pogumov\u00e1n\u00edm kov\u016f. Ty jsme p\u0159ed pogumov\u00e1n\u00edm schopni osoustru\u017eit a op\u00edskovat.","robots":{"index":"index","follow":"follow","max-snippet":"max-snippet:-1","max-image-preview":"max-image-preview:large","max-video-preview":"max-video-preview:-1"},"canonical":"https:\/\/techpryz.cz\/index.php\/pogumovani\/","og_locale":"cs_CZ","og_type":"article","og_title":"Pogumov\u00e1n\u00ed - Technick\u00e1 pry\u017e Nesvadba","og_description":"Mimo zak\u00e1zkovou v\u00fdrobu se zab\u00fdv\u00e1me i pogumov\u00e1n\u00edm kov\u016f. Ty jsme p\u0159ed pogumov\u00e1n\u00edm schopni osoustru\u017eit a op\u00edskovat.","og_url":"https:\/\/techpryz.cz\/index.php\/pogumovani\/","og_site_name":"Technick\u00e1 pry\u017e Nesvadba","article_modified_time":"2024-01-28T20:46:46+00:00","og_image":[{"width":700,"height":400,"url":"https:\/\/techpryz.cz\/wp-content\/uploads\/2024\/01\/13.png","type":"image\/png"}],"twitter_card":"summary_large_image","twitter_misc":{"Odhadovan\u00e1 doba \u010dten\u00ed":"2 minuty"},"schema":{"@context":"https:\/\/schema.org","@graph":[{"@type":"WebPage","@id":"https:\/\/techpryz.cz\/index.php\/pogumovani\/","url":"https:\/\/techpryz.cz\/index.php\/pogumovani\/","name":"Pogumov\u00e1n\u00ed - Technick\u00e1 pry\u017e Nesvadba","isPartOf":{"@id":"https:\/\/techpryz.cz\/#website"},"primaryImageOfPage":{"@id":"https:\/\/techpryz.cz\/index.php\/pogumovani\/#primaryimage"},"image":{"@id":"https:\/\/techpryz.cz\/index.php\/pogumovani\/#primaryimage"},"thumbnailUrl":"https:\/\/techpryz.cz\/wp-content\/uploads\/2024\/01\/13.png","datePublished":"2024-01-13T18:48:46+00:00","dateModified":"2024-01-28T20:46:46+00:00","description":"Mimo zak\u00e1zkovou v\u00fdrobu se zab\u00fdv\u00e1me i pogumov\u00e1n\u00edm kov\u016f. Ty jsme p\u0159ed pogumov\u00e1n\u00edm schopni osoustru\u017eit a op\u00edskovat.","breadcrumb":{"@id":"https:\/\/techpryz.cz\/index.php\/pogumovani\/#breadcrumb"},"inLanguage":"cs","potentialAction":[{"@type":"ReadAction","target":["https:\/\/techpryz.cz\/index.php\/pogumovani\/"]}]},{"@type":"ImageObject","inLanguage":"cs","@id":"https:\/\/techpryz.cz\/index.php\/pogumovani\/#primaryimage","url":"https:\/\/techpryz.cz\/wp-content\/uploads\/2024\/01\/13.png","contentUrl":"https:\/\/techpryz.cz\/wp-content\/uploads\/2024\/01\/13.png","width":700,"height":400},{"@type":"BreadcrumbList","@id":"https:\/\/techpryz.cz\/index.php\/pogumovani\/#breadcrumb","itemListElement":[{"@type":"ListItem","position":1,"name":"Dom\u016f","item":"https:\/\/techpryz.cz\/"},{"@type":"ListItem","position":2,"name":"Pogumov\u00e1n\u00ed"}]},{"@type":"WebSite","@id":"https:\/\/techpryz.cz\/#website","url":"https:\/\/techpryz.cz\/","name":"Technick\u00e1 pry\u017e Nesvadba","description":"Zak\u00e1zkov\u00e1 v\u00fdroba produkt\u016f z technick\u00e9 pry\u017ee","publisher":{"@id":"https:\/\/techpryz.cz\/#organization"},"potentialAction":[{"@type":"SearchAction","target":{"@type":"EntryPoint","urlTemplate":"https:\/\/techpryz.cz\/?s={search_term_string}"},"query-input":{"@type":"PropertyValueSpecification","valueRequired":true,"valueName":"search_term_string"}}],"inLanguage":"cs"},{"@type":"Organization","@id":"https:\/\/techpryz.cz\/#organization","name":"Technick\u00e1 pry\u017e Nesvadba","alternateName":"Technick\u00e1 pry\u017e Nesvadba","url":"https:\/\/techpryz.cz\/","logo":{"@type":"ImageObject","inLanguage":"cs","@id":"https:\/\/techpryz.cz\/#\/schema\/logo\/image\/","url":"https:\/\/techpryz.cz\/wp-content\/uploads\/2024\/01\/TechPryz_logo-na-sirku-500-x-300-px.png","contentUrl":"https:\/\/techpryz.cz\/wp-content\/uploads\/2024\/01\/TechPryz_logo-na-sirku-500-x-300-px.png","width":500,"height":300,"caption":"Technick\u00e1 pry\u017e Nesvadba"},"image":{"@id":"https:\/\/techpryz.cz\/#\/schema\/logo\/image\/"}}]}},"_links":{"self":[{"href":"https:\/\/techpryz.cz\/index.php\/wp-json\/wp\/v2\/pages\/88","targetHints":{"allow":["GET"]}}],"collection":[{"href":"https:\/\/techpryz.cz\/index.php\/wp-json\/wp\/v2\/pages"}],"about":[{"href":"https:\/\/techpryz.cz\/index.php\/wp-json\/wp\/v2\/types\/page"}],"author":[{"embeddable":true,"href":"https:\/\/techpryz.cz\/index.php\/wp-json\/wp\/v2\/users\/1"}],"replies":[{"embeddable":true,"href":"https:\/\/techpryz.cz\/index.php\/wp-json\/wp\/v2\/comments?post=88"}],"version-history":[{"count":23,"href":"https:\/\/techpryz.cz\/index.php\/wp-json\/wp\/v2\/pages\/88\/revisions"}],"predecessor-version":[{"id":299,"href":"https:\/\/techpryz.cz\/index.php\/wp-json\/wp\/v2\/pages\/88\/revisions\/299"}],"wp:featuredmedia":[{"embeddable":true,"href":"https:\/\/techpryz.cz\/index.php\/wp-json\/wp\/v2\/media\/296"}],"wp:attachment":[{"href":"https:\/\/techpryz.cz\/index.php\/wp-json\/wp\/v2\/media?parent=88"}],"curies":[{"name":"wp","href":"https:\/\/api.w.org\/{rel}","templated":true}]}}