{"id":46,"date":"2024-01-13T07:31:31","date_gmt":"2024-01-13T06:31:31","guid":{"rendered":"https:\/\/bizbergthemes.com\/green-protection\/?page_id=46"},"modified":"2024-01-28T21:57:44","modified_gmt":"2024-01-28T20:57:44","slug":"o-nas","status":"publish","type":"page","link":"https:\/\/techpryz.cz\/index.php\/o-nas\/","title":{"rendered":"O n\u00e1s"},"content":{"rendered":"\t\t<div data-elementor-type=\"wp-page\" data-elementor-id=\"46\" class=\"elementor elementor-46\">\n\t\t\t\t<div class=\"elementor-element elementor-element-7be7c6fe e-flex e-con-boxed e-con e-parent\" data-id=\"7be7c6fe\" data-element_type=\"container\" data-e-type=\"container\">\n\t\t\t\t\t<div class=\"e-con-inner\">\n\t\t\t\t<div class=\"elementor-element elementor-element-1e8aac1d elementor-widget elementor-widget-text-editor\" data-id=\"1e8aac1d\" data-element_type=\"widget\" data-e-type=\"widget\" data-widget_type=\"text-editor.default\">\n\t\t\t\t<div class=\"elementor-widget-container\">\n\t\t\t\t\t\t\t\t\t<p>Jsme firmou zalo\u017eenou v\u00a0roce 2004, ale tradice na\u0161\u00ed v\u00fdroby m\u00e1 v gum\u00e1rensk\u00e9m pr\u016fmyslu v\u00edce jak t\u0159icetiletou praxi. Jeliko\u017e jsme firmu vybudovali jako rodinnou, p\u0159istupujeme k na\u0161\u00ed v\u00fdrob\u011b pe\u010dliv\u011b, spolehliv\u011b a sv\u011bdomit\u011b.<\/p><p>D\u016fle\u017eit\u00fdm faktorem spolupr\u00e1ce je komunikace se z\u00e1kazn\u00edky a dle jejich konkr\u00e9tn\u00edch po\u017eadavk\u016f dos\u00e1hnout jejich maxim\u00e1ln\u00ed spokojenosti. V p\u0159\u00edpad\u011b pot\u0159eby, jsme vzhledem k letit\u00fdm zku\u0161enostem v oboru, otev\u0159eni konzultac\u00edm a p\u0159\u00edpadn\u011b spole\u010dn\u00e9mu hled\u00e1n\u00ed \u0159e\u0161en\u00ed.<\/p>\t\t\t\t\t\t\t\t<\/div>\n\t\t\t\t<\/div>\n\t\t\t\t\t<\/div>\n\t\t\t\t<\/div>\n\t\t<div class=\"elementor-element elementor-element-93df003 e-flex e-con-boxed e-con e-parent\" data-id=\"93df003\" data-element_type=\"container\" data-e-type=\"container\">\n\t\t\t\t\t<div class=\"e-con-inner\">\n\t\t\t\t\t<\/div>\n\t\t\t\t<\/div>\n\t\t\t\t<\/div>\n\t\t","protected":false},"excerpt":{"rendered":"<p>Jsme firmou zalo\u017eenou v\u00a0roce 2004, ale tradice na\u0161\u00ed v\u00fdroby m\u00e1 v gum\u00e1rensk\u00e9m pr\u016fmyslu v\u00edce jak t\u0159icetiletou praxi. Jeliko\u017e jsme firmu vybudovali jako rodinnou, p\u0159istupujeme k na\u0161\u00ed v\u00fdrob\u011b pe\u010dliv\u011b, spolehliv\u011b a sv\u011bdomit\u011b. D\u016fle\u017eit\u00fdm faktorem spolupr\u00e1ce je komunikace se z\u00e1kazn\u00edky a dle jejich konkr\u00e9tn\u00edch po\u017eadavk\u016f dos\u00e1hnout jejich maxim\u00e1ln\u00ed spokojenosti. V p\u0159\u00edpad\u011b pot\u0159eby, jsme vzhledem k letit\u00fdm zku\u0161enostem v oboru, otev\u0159eni konzultac\u00edm a&#8230;<\/p>\n","protected":false},"author":1,"featured_media":290,"parent":0,"menu_order":0,"comment_status":"closed","ping_status":"closed","template":"","meta":{"footnotes":""},"class_list":["post-46","page","type-page","status-publish","has-post-thumbnail","hentry"],"yoast_head":"<!-- This site is optimized with the Yoast SEO plugin v27.1.1 - https:\/\/yoast.com\/product\/yoast-seo-wordpress\/ -->\n<title>O n\u00e1s - Technick\u00e1 pry\u017e Nesvadba<\/title>\n<meta name=\"description\" content=\"Tradice na\u0161\u00ed v\u00fdroby m\u00e1 v gum\u00e1rensk\u00e9m pr\u016fmyslu v\u00edce jak t\u0159icetiletou praxi. K na\u0161\u00ed v\u00fdrob\u011b p\u0159istupujeme pe\u010dliv\u011b, spolehliv\u011b a sv\u011bdomit\u011b.\" \/>\n<meta name=\"robots\" content=\"index, follow, max-snippet:-1, max-image-preview:large, max-video-preview:-1\" \/>\n<link rel=\"canonical\" href=\"https:\/\/techpryz.cz\/index.php\/o-nas\/\" \/>\n<meta property=\"og:locale\" content=\"cs_CZ\" \/>\n<meta property=\"og:type\" content=\"article\" \/>\n<meta property=\"og:title\" content=\"O n\u00e1s - Technick\u00e1 pry\u017e Nesvadba\" \/>\n<meta property=\"og:description\" content=\"Tradice na\u0161\u00ed v\u00fdroby m\u00e1 v gum\u00e1rensk\u00e9m pr\u016fmyslu v\u00edce jak t\u0159icetiletou praxi. K na\u0161\u00ed v\u00fdrob\u011b p\u0159istupujeme pe\u010dliv\u011b, spolehliv\u011b a sv\u011bdomit\u011b.\" \/>\n<meta property=\"og:url\" content=\"https:\/\/techpryz.cz\/index.php\/o-nas\/\" \/>\n<meta property=\"og:site_name\" content=\"Technick\u00e1 pry\u017e Nesvadba\" \/>\n<meta property=\"article:modified_time\" content=\"2024-01-28T20:57:44+00:00\" \/>\n<meta property=\"og:image\" content=\"https:\/\/techpryz.cz\/wp-content\/uploads\/2024\/01\/12.png\" \/>\n\t<meta property=\"og:image:width\" content=\"700\" \/>\n\t<meta property=\"og:image:height\" content=\"400\" \/>\n\t<meta property=\"og:image:type\" content=\"image\/png\" \/>\n<meta name=\"twitter:card\" content=\"summary_large_image\" \/>\n<meta name=\"twitter:label1\" content=\"Odhadovan\u00e1 doba \u010dten\u00ed\" \/>\n\t<meta name=\"twitter:data1\" content=\"1 minuta\" \/>\n<script type=\"application\/ld+json\" class=\"yoast-schema-graph\">{\"@context\":\"https:\/\/schema.org\",\"@graph\":[{\"@type\":\"WebPage\",\"@id\":\"https:\/\/techpryz.cz\/index.php\/o-nas\/\",\"url\":\"https:\/\/techpryz.cz\/index.php\/o-nas\/\",\"name\":\"O n\u00e1s - Technick\u00e1 pry\u017e Nesvadba\",\"isPartOf\":{\"@id\":\"https:\/\/techpryz.cz\/#website\"},\"primaryImageOfPage\":{\"@id\":\"https:\/\/techpryz.cz\/index.php\/o-nas\/#primaryimage\"},\"image\":{\"@id\":\"https:\/\/techpryz.cz\/index.php\/o-nas\/#primaryimage\"},\"thumbnailUrl\":\"https:\/\/techpryz.cz\/wp-content\/uploads\/2024\/01\/12.png\",\"datePublished\":\"2024-01-13T06:31:31+00:00\",\"dateModified\":\"2024-01-28T20:57:44+00:00\",\"description\":\"Tradice na\u0161\u00ed v\u00fdroby m\u00e1 v gum\u00e1rensk\u00e9m pr\u016fmyslu v\u00edce jak t\u0159icetiletou praxi. K na\u0161\u00ed v\u00fdrob\u011b p\u0159istupujeme pe\u010dliv\u011b, spolehliv\u011b a sv\u011bdomit\u011b.\",\"breadcrumb\":{\"@id\":\"https:\/\/techpryz.cz\/index.php\/o-nas\/#breadcrumb\"},\"inLanguage\":\"cs\",\"potentialAction\":[{\"@type\":\"ReadAction\",\"target\":[\"https:\/\/techpryz.cz\/index.php\/o-nas\/\"]}]},{\"@type\":\"ImageObject\",\"inLanguage\":\"cs\",\"@id\":\"https:\/\/techpryz.cz\/index.php\/o-nas\/#primaryimage\",\"url\":\"https:\/\/techpryz.cz\/wp-content\/uploads\/2024\/01\/12.png\",\"contentUrl\":\"https:\/\/techpryz.cz\/wp-content\/uploads\/2024\/01\/12.png\",\"width\":700,\"height\":400},{\"@type\":\"BreadcrumbList\",\"@id\":\"https:\/\/techpryz.cz\/index.php\/o-nas\/#breadcrumb\",\"itemListElement\":[{\"@type\":\"ListItem\",\"position\":1,\"name\":\"Dom\u016f\",\"item\":\"https:\/\/techpryz.cz\/\"},{\"@type\":\"ListItem\",\"position\":2,\"name\":\"O n\u00e1s\"}]},{\"@type\":\"WebSite\",\"@id\":\"https:\/\/techpryz.cz\/#website\",\"url\":\"https:\/\/techpryz.cz\/\",\"name\":\"Technick\u00e1 pry\u017e Nesvadba\",\"description\":\"Zak\u00e1zkov\u00e1 v\u00fdroba produkt\u016f z technick\u00e9 pry\u017ee\",\"publisher\":{\"@id\":\"https:\/\/techpryz.cz\/#organization\"},\"potentialAction\":[{\"@type\":\"SearchAction\",\"target\":{\"@type\":\"EntryPoint\",\"urlTemplate\":\"https:\/\/techpryz.cz\/?s={search_term_string}\"},\"query-input\":{\"@type\":\"PropertyValueSpecification\",\"valueRequired\":true,\"valueName\":\"search_term_string\"}}],\"inLanguage\":\"cs\"},{\"@type\":\"Organization\",\"@id\":\"https:\/\/techpryz.cz\/#organization\",\"name\":\"Technick\u00e1 pry\u017e Nesvadba\",\"alternateName\":\"Technick\u00e1 pry\u017e Nesvadba\",\"url\":\"https:\/\/techpryz.cz\/\",\"logo\":{\"@type\":\"ImageObject\",\"inLanguage\":\"cs\",\"@id\":\"https:\/\/techpryz.cz\/#\/schema\/logo\/image\/\",\"url\":\"https:\/\/techpryz.cz\/wp-content\/uploads\/2024\/01\/TechPryz_logo-na-sirku-500-x-300-px.png\",\"contentUrl\":\"https:\/\/techpryz.cz\/wp-content\/uploads\/2024\/01\/TechPryz_logo-na-sirku-500-x-300-px.png\",\"width\":500,\"height\":300,\"caption\":\"Technick\u00e1 pry\u017e Nesvadba\"},\"image\":{\"@id\":\"https:\/\/techpryz.cz\/#\/schema\/logo\/image\/\"}}]}<\/script>\n<!-- \/ Yoast SEO plugin. -->","yoast_head_json":{"title":"O n\u00e1s - Technick\u00e1 pry\u017e Nesvadba","description":"Tradice na\u0161\u00ed v\u00fdroby m\u00e1 v gum\u00e1rensk\u00e9m pr\u016fmyslu v\u00edce jak t\u0159icetiletou praxi. K na\u0161\u00ed v\u00fdrob\u011b p\u0159istupujeme pe\u010dliv\u011b, spolehliv\u011b a sv\u011bdomit\u011b.","robots":{"index":"index","follow":"follow","max-snippet":"max-snippet:-1","max-image-preview":"max-image-preview:large","max-video-preview":"max-video-preview:-1"},"canonical":"https:\/\/techpryz.cz\/index.php\/o-nas\/","og_locale":"cs_CZ","og_type":"article","og_title":"O n\u00e1s - Technick\u00e1 pry\u017e Nesvadba","og_description":"Tradice na\u0161\u00ed v\u00fdroby m\u00e1 v gum\u00e1rensk\u00e9m pr\u016fmyslu v\u00edce jak t\u0159icetiletou praxi. K na\u0161\u00ed v\u00fdrob\u011b p\u0159istupujeme pe\u010dliv\u011b, spolehliv\u011b a sv\u011bdomit\u011b.","og_url":"https:\/\/techpryz.cz\/index.php\/o-nas\/","og_site_name":"Technick\u00e1 pry\u017e Nesvadba","article_modified_time":"2024-01-28T20:57:44+00:00","og_image":[{"width":700,"height":400,"url":"https:\/\/techpryz.cz\/wp-content\/uploads\/2024\/01\/12.png","type":"image\/png"}],"twitter_card":"summary_large_image","twitter_misc":{"Odhadovan\u00e1 doba \u010dten\u00ed":"1 minuta"},"schema":{"@context":"https:\/\/schema.org","@graph":[{"@type":"WebPage","@id":"https:\/\/techpryz.cz\/index.php\/o-nas\/","url":"https:\/\/techpryz.cz\/index.php\/o-nas\/","name":"O n\u00e1s - Technick\u00e1 pry\u017e Nesvadba","isPartOf":{"@id":"https:\/\/techpryz.cz\/#website"},"primaryImageOfPage":{"@id":"https:\/\/techpryz.cz\/index.php\/o-nas\/#primaryimage"},"image":{"@id":"https:\/\/techpryz.cz\/index.php\/o-nas\/#primaryimage"},"thumbnailUrl":"https:\/\/techpryz.cz\/wp-content\/uploads\/2024\/01\/12.png","datePublished":"2024-01-13T06:31:31+00:00","dateModified":"2024-01-28T20:57:44+00:00","description":"Tradice na\u0161\u00ed v\u00fdroby m\u00e1 v gum\u00e1rensk\u00e9m pr\u016fmyslu v\u00edce jak t\u0159icetiletou praxi. K na\u0161\u00ed v\u00fdrob\u011b p\u0159istupujeme pe\u010dliv\u011b, spolehliv\u011b a sv\u011bdomit\u011b.","breadcrumb":{"@id":"https:\/\/techpryz.cz\/index.php\/o-nas\/#breadcrumb"},"inLanguage":"cs","potentialAction":[{"@type":"ReadAction","target":["https:\/\/techpryz.cz\/index.php\/o-nas\/"]}]},{"@type":"ImageObject","inLanguage":"cs","@id":"https:\/\/techpryz.cz\/index.php\/o-nas\/#primaryimage","url":"https:\/\/techpryz.cz\/wp-content\/uploads\/2024\/01\/12.png","contentUrl":"https:\/\/techpryz.cz\/wp-content\/uploads\/2024\/01\/12.png","width":700,"height":400},{"@type":"BreadcrumbList","@id":"https:\/\/techpryz.cz\/index.php\/o-nas\/#breadcrumb","itemListElement":[{"@type":"ListItem","position":1,"name":"Dom\u016f","item":"https:\/\/techpryz.cz\/"},{"@type":"ListItem","position":2,"name":"O n\u00e1s"}]},{"@type":"WebSite","@id":"https:\/\/techpryz.cz\/#website","url":"https:\/\/techpryz.cz\/","name":"Technick\u00e1 pry\u017e Nesvadba","description":"Zak\u00e1zkov\u00e1 v\u00fdroba produkt\u016f z technick\u00e9 pry\u017ee","publisher":{"@id":"https:\/\/techpryz.cz\/#organization"},"potentialAction":[{"@type":"SearchAction","target":{"@type":"EntryPoint","urlTemplate":"https:\/\/techpryz.cz\/?s={search_term_string}"},"query-input":{"@type":"PropertyValueSpecification","valueRequired":true,"valueName":"search_term_string"}}],"inLanguage":"cs"},{"@type":"Organization","@id":"https:\/\/techpryz.cz\/#organization","name":"Technick\u00e1 pry\u017e Nesvadba","alternateName":"Technick\u00e1 pry\u017e Nesvadba","url":"https:\/\/techpryz.cz\/","logo":{"@type":"ImageObject","inLanguage":"cs","@id":"https:\/\/techpryz.cz\/#\/schema\/logo\/image\/","url":"https:\/\/techpryz.cz\/wp-content\/uploads\/2024\/01\/TechPryz_logo-na-sirku-500-x-300-px.png","contentUrl":"https:\/\/techpryz.cz\/wp-content\/uploads\/2024\/01\/TechPryz_logo-na-sirku-500-x-300-px.png","width":500,"height":300,"caption":"Technick\u00e1 pry\u017e Nesvadba"},"image":{"@id":"https:\/\/techpryz.cz\/#\/schema\/logo\/image\/"}}]}},"_links":{"self":[{"href":"https:\/\/techpryz.cz\/index.php\/wp-json\/wp\/v2\/pages\/46","targetHints":{"allow":["GET"]}}],"collection":[{"href":"https:\/\/techpryz.cz\/index.php\/wp-json\/wp\/v2\/pages"}],"about":[{"href":"https:\/\/techpryz.cz\/index.php\/wp-json\/wp\/v2\/types\/page"}],"author":[{"embeddable":true,"href":"https:\/\/techpryz.cz\/index.php\/wp-json\/wp\/v2\/users\/1"}],"replies":[{"embeddable":true,"href":"https:\/\/techpryz.cz\/index.php\/wp-json\/wp\/v2\/comments?post=46"}],"version-history":[{"count":13,"href":"https:\/\/techpryz.cz\/index.php\/wp-json\/wp\/v2\/pages\/46\/revisions"}],"predecessor-version":[{"id":352,"href":"https:\/\/techpryz.cz\/index.php\/wp-json\/wp\/v2\/pages\/46\/revisions\/352"}],"wp:featuredmedia":[{"embeddable":true,"href":"https:\/\/techpryz.cz\/index.php\/wp-json\/wp\/v2\/media\/290"}],"wp:attachment":[{"href":"https:\/\/techpryz.cz\/index.php\/wp-json\/wp\/v2\/media?parent=46"}],"curies":[{"name":"wp","href":"https:\/\/api.w.org\/{rel}","templated":true}]}}